{"id":15,"date":"2025-01-13T06:25:19","date_gmt":"2025-01-13T05:25:19","guid":{"rendered":"https:\/\/laparolecircule-prenez-la.fr\/?page_id=15"},"modified":"2025-01-13T06:25:22","modified_gmt":"2025-01-13T05:25:22","slug":"les-objectifs","status":"publish","type":"page","link":"https:\/\/laparolecircule-prenez-la.fr\/?page_id=15","title":{"rendered":"LES OBJECTIFS"},"content":{"rendered":"\n<p><strong>L\u2019association \u00ab&nbsp;La Parole Circule&nbsp;\u00bb<\/strong>&nbsp;a pour&nbsp;<strong>objectif<\/strong>&nbsp;de combattre les id\u00e9es de l\u2019extr\u00eame droite, le simplisme et les fake news. Elle veut donner acc\u00e8s \u00e0 la complexit\u00e9 et \u00e0 l\u2019\u00e9coute de l\u2019autre aux personnes qui en sont \u00e9loign\u00e9es (public fragile, jeunes, personnes \u00e2g\u00e9es \u2026) et les aider \u00e0 retrouver une concitoyennet\u00e9 plus f\u00e9conde.<\/p>\n\n\n\n<p>Elle a pour&nbsp;<strong>moyen<\/strong>&nbsp;le d\u00e9bat encadr\u00e9 \u00e0 l\u2019intention des populations cit\u00e9es ci-dessus<\/p>\n\n\n\n<p>Le d\u00e9bat encadr\u00e9 se construit autour de trois axes&nbsp;:<\/p>\n\n\n\n<ul class=\"wp-block-list\">\n<li>Un expos\u00e9 d\u2019une dizaine de minutes (maximum) pour ouvrir le sujet. Cet expos\u00e9 comprend n\u00e9cessairement quelques informations fiables et v\u00e9rifiables, ainsi que des questions ouvertes ou une probl\u00e9matique pour ouvrir le d\u00e9bat.<\/li>\n\n\n\n<li>Un d\u00e9bat ma\u00eetris\u00e9 par des r\u00e8gles de prise de parole (parole distribu\u00e9e par l\u2019un des deux animateurs, pas de coupure de parole, \u00e9vitement de la capture de la parole par une ou des personnes, \u00e9vitement des oppositions entre deux personnes). Les r\u00e8gles sont expos\u00e9es en d\u00e9but de d\u00e9bat.<\/li>\n\n\n\n<li>Une dur\u00e9e de d\u00e9bat limit\u00e9e car connue d\u00e8s le d\u00e9but.<\/li>\n<\/ul>\n\n\n\n<p>Les objectifs de ce d\u00e9bat encadr\u00e9 sont les suivants&nbsp;:<\/p>\n\n\n\n<ul class=\"wp-block-list\">\n<li>Offrir aux participants la possibilit\u00e9 de donner leur opinion dans un climat de s\u00e9r\u00e9nit\u00e9 \u00e9tabli et soutenu par les animateurs<\/li>\n\n\n\n<li>Offrir aux participants la possibilit\u00e9 d\u2019entendre une diversit\u00e9 d\u2019opinions sans qu\u2019il soit n\u00e9cessaire de parvenir \u00e0 un accord.<\/li>\n\n\n\n<li>Offrir une occasion aux participants de reconsid\u00e9rer leur approche personnelle d\u2019un sujet \u00e0 l\u2019aide des diff\u00e9rents apports fournis par le temps de d\u00e9bat<\/li>\n<\/ul>\n\n\n\n<p>Le d\u00e9bat peut aussi \u00eatre introduit par la projection d\u2019un film, d\u2019une vid\u00e9o.<\/p>\n","protected":false},"excerpt":{"rendered":"<p>L\u2019association \u00ab&nbsp;La Parole Circule&nbsp;\u00bb&nbsp;a pour&nbsp;objectif&nbsp;de combattre les id\u00e9es de l\u2019extr\u00eame droite, le simplisme et les fake news. Elle veut donner acc\u00e8s \u00e0 la complexit\u00e9 et \u00e0 l\u2019\u00e9coute de l\u2019autre aux personnes qui en sont \u00e9loign\u00e9es (public fragile, jeunes, personnes \u00e2g\u00e9es \u2026) et les aider \u00e0 retrouver une concitoyennet\u00e9 plus f\u00e9conde. Elle a pour&nbsp;moyen&nbsp;le d\u00e9bat encadr\u00e9 [&hellip;]<\/p>\n","protected":false},"author":1,"featured_media":0,"parent":0,"menu_order":0,"comment_status":"closed","ping_status":"closed","template":"","meta":{"footnotes":""},"class_list":["post-15","page","type-page","status-publish","hentry"],"yoast_head":"<!-- This site is optimized with the Yoast SEO plugin v27.5 - https:\/\/yoast.com\/product\/yoast-seo-wordpress\/ -->\n<title>LES OBJECTIFS - LA PAROLE CIRCULE<\/title>\n<meta name=\"robots\" content=\"index, follow, max-snippet:-1, max-image-preview:large, max-video-preview:-1\" \/>\n<link rel=\"canonical\" href=\"https:\/\/laparolecircule-prenez-la.fr\/?page_id=15\" \/>\n<meta property=\"og:locale\" content=\"fr_FR\" \/>\n<meta property=\"og:type\" content=\"article\" \/>\n<meta property=\"og:title\" content=\"LES OBJECTIFS - LA PAROLE CIRCULE\" \/>\n<meta property=\"og:description\" content=\"L\u2019association \u00ab&nbsp;La Parole Circule&nbsp;\u00bb&nbsp;a pour&nbsp;objectif&nbsp;de combattre les id\u00e9es de l\u2019extr\u00eame droite, le simplisme et les fake news. Elle veut donner acc\u00e8s \u00e0 la complexit\u00e9 et \u00e0 l\u2019\u00e9coute de l\u2019autre aux personnes qui en sont \u00e9loign\u00e9es (public fragile, jeunes, personnes \u00e2g\u00e9es \u2026) et les aider \u00e0 retrouver une concitoyennet\u00e9 plus f\u00e9conde. Elle a pour&nbsp;moyen&nbsp;le d\u00e9bat encadr\u00e9 [&hellip;]\" \/>\n<meta property=\"og:url\" content=\"https:\/\/laparolecircule-prenez-la.fr\/?page_id=15\" \/>\n<meta property=\"og:site_name\" content=\"LA PAROLE CIRCULE\" \/>\n<meta property=\"article:modified_time\" content=\"2025-01-13T05:25:22+00:00\" \/>\n<meta name=\"twitter:card\" content=\"summary_large_image\" \/>\n<meta name=\"twitter:label1\" content=\"Dur\u00e9e de lecture estim\u00e9e\" \/>\n\t<meta name=\"twitter:data1\" content=\"2 minutes\" \/>\n<script type=\"application\/ld+json\" class=\"yoast-schema-graph\">{\"@context\":\"https:\\\/\\\/schema.org\",\"@graph\":[{\"@type\":\"WebPage\",\"@id\":\"https:\\\/\\\/laparolecircule-prenez-la.fr\\\/?page_id=15\",\"url\":\"https:\\\/\\\/laparolecircule-prenez-la.fr\\\/?page_id=15\",\"name\":\"LES OBJECTIFS - LA PAROLE CIRCULE\",\"isPartOf\":{\"@id\":\"https:\\\/\\\/laparolecircule-prenez-la.fr\\\/#website\"},\"datePublished\":\"2025-01-13T05:25:19+00:00\",\"dateModified\":\"2025-01-13T05:25:22+00:00\",\"breadcrumb\":{\"@id\":\"https:\\\/\\\/laparolecircule-prenez-la.fr\\\/?page_id=15#breadcrumb\"},\"inLanguage\":\"fr-FR\",\"potentialAction\":[{\"@type\":\"ReadAction\",\"target\":[\"https:\\\/\\\/laparolecircule-prenez-la.fr\\\/?page_id=15\"]}]},{\"@type\":\"BreadcrumbList\",\"@id\":\"https:\\\/\\\/laparolecircule-prenez-la.fr\\\/?page_id=15#breadcrumb\",\"itemListElement\":[{\"@type\":\"ListItem\",\"position\":1,\"name\":\"Home\",\"item\":\"https:\\\/\\\/laparolecircule-prenez-la.fr\\\/\"},{\"@type\":\"ListItem\",\"position\":2,\"name\":\"LES OBJECTIFS\"}]},{\"@type\":\"WebSite\",\"@id\":\"https:\\\/\\\/laparolecircule-prenez-la.fr\\\/#website\",\"url\":\"https:\\\/\\\/laparolecircule-prenez-la.fr\\\/\",\"name\":\"LA PAROLE CIRCULE\",\"description\":\"PRENEZ-LA!\",\"potentialAction\":[{\"@type\":\"SearchAction\",\"target\":{\"@type\":\"EntryPoint\",\"urlTemplate\":\"https:\\\/\\\/laparolecircule-prenez-la.fr\\\/?s={search_term_string}\"},\"query-input\":{\"@type\":\"PropertyValueSpecification\",\"valueRequired\":true,\"valueName\":\"search_term_string\"}}],\"inLanguage\":\"fr-FR\"}]}<\/script>\n<!-- \/ Yoast SEO plugin. -->","yoast_head_json":{"title":"LES OBJECTIFS - LA PAROLE CIRCULE","robots":{"index":"index","follow":"follow","max-snippet":"max-snippet:-1","max-image-preview":"max-image-preview:large","max-video-preview":"max-video-preview:-1"},"canonical":"https:\/\/laparolecircule-prenez-la.fr\/?page_id=15","og_locale":"fr_FR","og_type":"article","og_title":"LES OBJECTIFS - LA PAROLE CIRCULE","og_description":"L\u2019association \u00ab&nbsp;La Parole Circule&nbsp;\u00bb&nbsp;a pour&nbsp;objectif&nbsp;de combattre les id\u00e9es de l\u2019extr\u00eame droite, le simplisme et les fake news. Elle veut donner acc\u00e8s \u00e0 la complexit\u00e9 et \u00e0 l\u2019\u00e9coute de l\u2019autre aux personnes qui en sont \u00e9loign\u00e9es (public fragile, jeunes, personnes \u00e2g\u00e9es \u2026) et les aider \u00e0 retrouver une concitoyennet\u00e9 plus f\u00e9conde. Elle a pour&nbsp;moyen&nbsp;le d\u00e9bat encadr\u00e9 [&hellip;]","og_url":"https:\/\/laparolecircule-prenez-la.fr\/?page_id=15","og_site_name":"LA PAROLE CIRCULE","article_modified_time":"2025-01-13T05:25:22+00:00","twitter_card":"summary_large_image","twitter_misc":{"Dur\u00e9e de lecture estim\u00e9e":"2 minutes"},"schema":{"@context":"https:\/\/schema.org","@graph":[{"@type":"WebPage","@id":"https:\/\/laparolecircule-prenez-la.fr\/?page_id=15","url":"https:\/\/laparolecircule-prenez-la.fr\/?page_id=15","name":"LES OBJECTIFS - LA PAROLE CIRCULE","isPartOf":{"@id":"https:\/\/laparolecircule-prenez-la.fr\/#website"},"datePublished":"2025-01-13T05:25:19+00:00","dateModified":"2025-01-13T05:25:22+00:00","breadcrumb":{"@id":"https:\/\/laparolecircule-prenez-la.fr\/?page_id=15#breadcrumb"},"inLanguage":"fr-FR","potentialAction":[{"@type":"ReadAction","target":["https:\/\/laparolecircule-prenez-la.fr\/?page_id=15"]}]},{"@type":"BreadcrumbList","@id":"https:\/\/laparolecircule-prenez-la.fr\/?page_id=15#breadcrumb","itemListElement":[{"@type":"ListItem","position":1,"name":"Home","item":"https:\/\/laparolecircule-prenez-la.fr\/"},{"@type":"ListItem","position":2,"name":"LES OBJECTIFS"}]},{"@type":"WebSite","@id":"https:\/\/laparolecircule-prenez-la.fr\/#website","url":"https:\/\/laparolecircule-prenez-la.fr\/","name":"LA PAROLE CIRCULE","description":"PRENEZ-LA!","potentialAction":[{"@type":"SearchAction","target":{"@type":"EntryPoint","urlTemplate":"https:\/\/laparolecircule-prenez-la.fr\/?s={search_term_string}"},"query-input":{"@type":"PropertyValueSpecification","valueRequired":true,"valueName":"search_term_string"}}],"inLanguage":"fr-FR"}]}},"_links":{"self":[{"href":"https:\/\/laparolecircule-prenez-la.fr\/index.php?rest_route=\/wp\/v2\/pages\/15","targetHints":{"allow":["GET"]}}],"collection":[{"href":"https:\/\/laparolecircule-prenez-la.fr\/index.php?rest_route=\/wp\/v2\/pages"}],"about":[{"href":"https:\/\/laparolecircule-prenez-la.fr\/index.php?rest_route=\/wp\/v2\/types\/page"}],"author":[{"embeddable":true,"href":"https:\/\/laparolecircule-prenez-la.fr\/index.php?rest_route=\/wp\/v2\/users\/1"}],"replies":[{"embeddable":true,"href":"https:\/\/laparolecircule-prenez-la.fr\/index.php?rest_route=%2Fwp%2Fv2%2Fcomments&post=15"}],"version-history":[{"count":1,"href":"https:\/\/laparolecircule-prenez-la.fr\/index.php?rest_route=\/wp\/v2\/pages\/15\/revisions"}],"predecessor-version":[{"id":17,"href":"https:\/\/laparolecircule-prenez-la.fr\/index.php?rest_route=\/wp\/v2\/pages\/15\/revisions\/17"}],"wp:attachment":[{"href":"https:\/\/laparolecircule-prenez-la.fr\/index.php?rest_route=%2Fwp%2Fv2%2Fmedia&parent=15"}],"curies":[{"name":"wp","href":"https:\/\/api.w.org\/{rel}","templated":true}]}}