{"id":21,"date":"2025-01-13T06:35:30","date_gmt":"2025-01-13T05:35:30","guid":{"rendered":"https:\/\/laparolecircule-prenez-la.fr\/?page_id=21"},"modified":"2025-01-13T06:35:33","modified_gmt":"2025-01-13T05:35:33","slug":"les-animateurs","status":"publish","type":"page","link":"https:\/\/laparolecircule-prenez-la.fr\/?page_id=21","title":{"rendered":"LES ANIMATEURS"},"content":{"rendered":"\n<p>Les animateurs\/mod\u00e9rateurs\u00a0sont des personnes connaisseuses des questions de soci\u00e9t\u00e9 et int\u00e9ress\u00e9es par celles-ci.<\/p>\n\n\n\n<p>Elles sont capables, en toute <strong>neutralit\u00e9 politique<\/strong>, de pr\u00e9senter en quelques minutes une ou des probl\u00e9matiques susceptibles d\u2019ouvrir un d\u00e9bat sur des questions de soci\u00e9t\u00e9.<\/p>\n\n\n\n<p>Elles sont susceptibles d\u2019apporter et de vulgariser des connaissances en fonction des publics approch\u00e9s.<\/p>\n\n\n\n<p>Elles poss\u00e8dent, de pr\u00e9f\u00e9rence, une exp\u00e9rience de mod\u00e9rateur.<\/p>\n\n\n\n<p>L\u2019association<strong>\u00a0\u00ab\u00a0La Parole Circule\u00a0\u00bb<\/strong>\u00a0recherche des soutiens et des animateurs\/mod\u00e9rateurs de d\u00e9bats.<\/p>\n\n\n\n<p>Ecrivez-nous : circulelaparole@gmail.com<\/p>\n\n\n\n<p><\/p>\n","protected":false},"excerpt":{"rendered":"<p>Les animateurs\/mod\u00e9rateurs\u00a0sont des personnes connaisseuses des questions de soci\u00e9t\u00e9 et int\u00e9ress\u00e9es par celles-ci. Elles sont capables, en toute neutralit\u00e9 politique, de pr\u00e9senter en quelques minutes une ou des probl\u00e9matiques susceptibles d\u2019ouvrir un d\u00e9bat sur des questions de soci\u00e9t\u00e9. Elles sont susceptibles d\u2019apporter et de vulgariser des connaissances en fonction des publics approch\u00e9s. Elles poss\u00e8dent, de [&hellip;]<\/p>\n","protected":false},"author":1,"featured_media":0,"parent":0,"menu_order":0,"comment_status":"closed","ping_status":"closed","template":"","meta":{"footnotes":""},"class_list":["post-21","page","type-page","status-publish","hentry"],"yoast_head":"<!-- This site is optimized with the Yoast SEO plugin v27.5 - https:\/\/yoast.com\/product\/yoast-seo-wordpress\/ -->\n<title>LES ANIMATEURS - LA PAROLE CIRCULE<\/title>\n<meta name=\"robots\" content=\"index, follow, max-snippet:-1, max-image-preview:large, max-video-preview:-1\" \/>\n<link rel=\"canonical\" href=\"https:\/\/laparolecircule-prenez-la.fr\/?page_id=21\" \/>\n<meta property=\"og:locale\" content=\"fr_FR\" \/>\n<meta property=\"og:type\" content=\"article\" \/>\n<meta property=\"og:title\" content=\"LES ANIMATEURS - LA PAROLE CIRCULE\" \/>\n<meta property=\"og:description\" content=\"Les animateurs\/mod\u00e9rateurs\u00a0sont des personnes connaisseuses des questions de soci\u00e9t\u00e9 et int\u00e9ress\u00e9es par celles-ci. Elles sont capables, en toute neutralit\u00e9 politique, de pr\u00e9senter en quelques minutes une ou des probl\u00e9matiques susceptibles d\u2019ouvrir un d\u00e9bat sur des questions de soci\u00e9t\u00e9. Elles sont susceptibles d\u2019apporter et de vulgariser des connaissances en fonction des publics approch\u00e9s. Elles poss\u00e8dent, de [&hellip;]\" \/>\n<meta property=\"og:url\" content=\"https:\/\/laparolecircule-prenez-la.fr\/?page_id=21\" \/>\n<meta property=\"og:site_name\" content=\"LA PAROLE CIRCULE\" \/>\n<meta property=\"article:modified_time\" content=\"2025-01-13T05:35:33+00:00\" \/>\n<meta name=\"twitter:card\" content=\"summary_large_image\" \/>\n<meta name=\"twitter:label1\" content=\"Dur\u00e9e de lecture estim\u00e9e\" \/>\n\t<meta name=\"twitter:data1\" content=\"1 minute\" \/>\n<script type=\"application\/ld+json\" class=\"yoast-schema-graph\">{\"@context\":\"https:\\\/\\\/schema.org\",\"@graph\":[{\"@type\":\"WebPage\",\"@id\":\"https:\\\/\\\/laparolecircule-prenez-la.fr\\\/?page_id=21\",\"url\":\"https:\\\/\\\/laparolecircule-prenez-la.fr\\\/?page_id=21\",\"name\":\"LES ANIMATEURS - LA PAROLE CIRCULE\",\"isPartOf\":{\"@id\":\"https:\\\/\\\/laparolecircule-prenez-la.fr\\\/#website\"},\"datePublished\":\"2025-01-13T05:35:30+00:00\",\"dateModified\":\"2025-01-13T05:35:33+00:00\",\"breadcrumb\":{\"@id\":\"https:\\\/\\\/laparolecircule-prenez-la.fr\\\/?page_id=21#breadcrumb\"},\"inLanguage\":\"fr-FR\",\"potentialAction\":[{\"@type\":\"ReadAction\",\"target\":[\"https:\\\/\\\/laparolecircule-prenez-la.fr\\\/?page_id=21\"]}]},{\"@type\":\"BreadcrumbList\",\"@id\":\"https:\\\/\\\/laparolecircule-prenez-la.fr\\\/?page_id=21#breadcrumb\",\"itemListElement\":[{\"@type\":\"ListItem\",\"position\":1,\"name\":\"Home\",\"item\":\"https:\\\/\\\/laparolecircule-prenez-la.fr\\\/\"},{\"@type\":\"ListItem\",\"position\":2,\"name\":\"LES ANIMATEURS\"}]},{\"@type\":\"WebSite\",\"@id\":\"https:\\\/\\\/laparolecircule-prenez-la.fr\\\/#website\",\"url\":\"https:\\\/\\\/laparolecircule-prenez-la.fr\\\/\",\"name\":\"LA PAROLE CIRCULE\",\"description\":\"PRENEZ-LA!\",\"potentialAction\":[{\"@type\":\"SearchAction\",\"target\":{\"@type\":\"EntryPoint\",\"urlTemplate\":\"https:\\\/\\\/laparolecircule-prenez-la.fr\\\/?s={search_term_string}\"},\"query-input\":{\"@type\":\"PropertyValueSpecification\",\"valueRequired\":true,\"valueName\":\"search_term_string\"}}],\"inLanguage\":\"fr-FR\"}]}<\/script>\n<!-- \/ Yoast SEO plugin. -->","yoast_head_json":{"title":"LES ANIMATEURS - LA PAROLE CIRCULE","robots":{"index":"index","follow":"follow","max-snippet":"max-snippet:-1","max-image-preview":"max-image-preview:large","max-video-preview":"max-video-preview:-1"},"canonical":"https:\/\/laparolecircule-prenez-la.fr\/?page_id=21","og_locale":"fr_FR","og_type":"article","og_title":"LES ANIMATEURS - LA PAROLE CIRCULE","og_description":"Les animateurs\/mod\u00e9rateurs\u00a0sont des personnes connaisseuses des questions de soci\u00e9t\u00e9 et int\u00e9ress\u00e9es par celles-ci. Elles sont capables, en toute neutralit\u00e9 politique, de pr\u00e9senter en quelques minutes une ou des probl\u00e9matiques susceptibles d\u2019ouvrir un d\u00e9bat sur des questions de soci\u00e9t\u00e9. Elles sont susceptibles d\u2019apporter et de vulgariser des connaissances en fonction des publics approch\u00e9s. Elles poss\u00e8dent, de [&hellip;]","og_url":"https:\/\/laparolecircule-prenez-la.fr\/?page_id=21","og_site_name":"LA PAROLE CIRCULE","article_modified_time":"2025-01-13T05:35:33+00:00","twitter_card":"summary_large_image","twitter_misc":{"Dur\u00e9e de lecture estim\u00e9e":"1 minute"},"schema":{"@context":"https:\/\/schema.org","@graph":[{"@type":"WebPage","@id":"https:\/\/laparolecircule-prenez-la.fr\/?page_id=21","url":"https:\/\/laparolecircule-prenez-la.fr\/?page_id=21","name":"LES ANIMATEURS - LA PAROLE CIRCULE","isPartOf":{"@id":"https:\/\/laparolecircule-prenez-la.fr\/#website"},"datePublished":"2025-01-13T05:35:30+00:00","dateModified":"2025-01-13T05:35:33+00:00","breadcrumb":{"@id":"https:\/\/laparolecircule-prenez-la.fr\/?page_id=21#breadcrumb"},"inLanguage":"fr-FR","potentialAction":[{"@type":"ReadAction","target":["https:\/\/laparolecircule-prenez-la.fr\/?page_id=21"]}]},{"@type":"BreadcrumbList","@id":"https:\/\/laparolecircule-prenez-la.fr\/?page_id=21#breadcrumb","itemListElement":[{"@type":"ListItem","position":1,"name":"Home","item":"https:\/\/laparolecircule-prenez-la.fr\/"},{"@type":"ListItem","position":2,"name":"LES ANIMATEURS"}]},{"@type":"WebSite","@id":"https:\/\/laparolecircule-prenez-la.fr\/#website","url":"https:\/\/laparolecircule-prenez-la.fr\/","name":"LA PAROLE CIRCULE","description":"PRENEZ-LA!","potentialAction":[{"@type":"SearchAction","target":{"@type":"EntryPoint","urlTemplate":"https:\/\/laparolecircule-prenez-la.fr\/?s={search_term_string}"},"query-input":{"@type":"PropertyValueSpecification","valueRequired":true,"valueName":"search_term_string"}}],"inLanguage":"fr-FR"}]}},"_links":{"self":[{"href":"https:\/\/laparolecircule-prenez-la.fr\/index.php?rest_route=\/wp\/v2\/pages\/21","targetHints":{"allow":["GET"]}}],"collection":[{"href":"https:\/\/laparolecircule-prenez-la.fr\/index.php?rest_route=\/wp\/v2\/pages"}],"about":[{"href":"https:\/\/laparolecircule-prenez-la.fr\/index.php?rest_route=\/wp\/v2\/types\/page"}],"author":[{"embeddable":true,"href":"https:\/\/laparolecircule-prenez-la.fr\/index.php?rest_route=\/wp\/v2\/users\/1"}],"replies":[{"embeddable":true,"href":"https:\/\/laparolecircule-prenez-la.fr\/index.php?rest_route=%2Fwp%2Fv2%2Fcomments&post=21"}],"version-history":[{"count":1,"href":"https:\/\/laparolecircule-prenez-la.fr\/index.php?rest_route=\/wp\/v2\/pages\/21\/revisions"}],"predecessor-version":[{"id":23,"href":"https:\/\/laparolecircule-prenez-la.fr\/index.php?rest_route=\/wp\/v2\/pages\/21\/revisions\/23"}],"wp:attachment":[{"href":"https:\/\/laparolecircule-prenez-la.fr\/index.php?rest_route=%2Fwp%2Fv2%2Fmedia&parent=21"}],"curies":[{"name":"wp","href":"https:\/\/api.w.org\/{rel}","templated":true}]}}