{"id":27,"date":"2025-01-13T07:05:22","date_gmt":"2025-01-13T06:05:22","guid":{"rendered":"https:\/\/laparolecircule-prenez-la.fr\/?page_id=27"},"modified":"2025-01-13T07:05:25","modified_gmt":"2025-01-13T06:05:25","slug":"des-themes","status":"publish","type":"page","link":"https:\/\/laparolecircule-prenez-la.fr\/?page_id=27","title":{"rendered":"DES THEMES"},"content":{"rendered":"\n<p>Voici une liste de th\u00e8mes et de sujets de d\u00e9bats \u00e9tablie en interrogeant des personnes de notre entourage. Elle n&rsquo;\u00e0 qu&rsquo;une valeur indicative.<\/p>\n\n\n\n<ul class=\"wp-block-list\">\n<li>Comment apprenons-nous?<\/li>\n\n\n\n<li>L&rsquo;intelligence artificielle<\/li>\n\n\n\n<li>Le harc\u00e8lement<\/li>\n\n\n\n<li>La hausse des prix<\/li>\n\n\n\n<li>La politique et la religion<\/li>\n\n\n\n<li>Fin de vie \/ aide au suicide \/ acharnement th\u00e9rapeutique<\/li>\n\n\n\n<li>Faut-il limiter la richesse individuelle?<\/li>\n\n\n\n<li>Le canabis<\/li>\n\n\n\n<li>Le r\u00e9chauffement climatique et l&rsquo;avenir de la plan\u00e8te<\/li>\n\n\n\n<li>Les ados et les \u00e9crans<\/li>\n\n\n\n<li>L&rsquo;utilit\u00e9 sociale<\/li>\n\n\n\n<li>Manger local? Pourquoi?<\/li>\n\n\n\n<li>Les r\u00e9seaux sociaux, un bien ou un mal?<\/li>\n\n\n\n<li>Existe-t&rsquo;il un ascenseur social?<\/li>\n\n\n\n<li>Comment se sent-on en s\u00e9curit\u00e9?<\/li>\n\n\n\n<li>Les riches sont-ils plus intelligents que les pauvres?<\/li>\n\n\n\n<li>Qu&rsquo;est-ce que nous souhaitons transmettre?<\/li>\n\n\n\n<li>Devient-on plus sage en vieillissant?<\/li>\n\n\n\n<li>L&rsquo;abstention<\/li>\n\n\n\n<li>Les hommes politiques et la justice<\/li>\n<\/ul>\n","protected":false},"excerpt":{"rendered":"<p>Voici une liste de th\u00e8mes et de sujets de d\u00e9bats \u00e9tablie en interrogeant des personnes de notre entourage. Elle n&rsquo;\u00e0 qu&rsquo;une valeur indicative.<\/p>\n","protected":false},"author":1,"featured_media":0,"parent":0,"menu_order":0,"comment_status":"closed","ping_status":"closed","template":"","meta":{"footnotes":""},"class_list":["post-27","page","type-page","status-publish","hentry"],"yoast_head":"<!-- This site is optimized with the Yoast SEO plugin v27.5 - https:\/\/yoast.com\/product\/yoast-seo-wordpress\/ -->\n<title>DES THEMES - LA PAROLE CIRCULE<\/title>\n<meta name=\"robots\" content=\"index, follow, max-snippet:-1, max-image-preview:large, max-video-preview:-1\" \/>\n<link rel=\"canonical\" href=\"https:\/\/laparolecircule-prenez-la.fr\/?page_id=27\" \/>\n<meta property=\"og:locale\" content=\"fr_FR\" \/>\n<meta property=\"og:type\" content=\"article\" \/>\n<meta property=\"og:title\" content=\"DES THEMES - LA PAROLE CIRCULE\" \/>\n<meta property=\"og:description\" content=\"Voici une liste de th\u00e8mes et de sujets de d\u00e9bats \u00e9tablie en interrogeant des personnes de notre entourage. Elle n&rsquo;\u00e0 qu&rsquo;une valeur indicative.\" \/>\n<meta property=\"og:url\" content=\"https:\/\/laparolecircule-prenez-la.fr\/?page_id=27\" \/>\n<meta property=\"og:site_name\" content=\"LA PAROLE CIRCULE\" \/>\n<meta property=\"article:modified_time\" content=\"2025-01-13T06:05:25+00:00\" \/>\n<meta name=\"twitter:card\" content=\"summary_large_image\" \/>\n<meta name=\"twitter:label1\" content=\"Dur\u00e9e de lecture estim\u00e9e\" \/>\n\t<meta name=\"twitter:data1\" content=\"1 minute\" \/>\n<script type=\"application\/ld+json\" class=\"yoast-schema-graph\">{\"@context\":\"https:\\\/\\\/schema.org\",\"@graph\":[{\"@type\":\"WebPage\",\"@id\":\"https:\\\/\\\/laparolecircule-prenez-la.fr\\\/?page_id=27\",\"url\":\"https:\\\/\\\/laparolecircule-prenez-la.fr\\\/?page_id=27\",\"name\":\"DES THEMES - LA PAROLE CIRCULE\",\"isPartOf\":{\"@id\":\"https:\\\/\\\/laparolecircule-prenez-la.fr\\\/#website\"},\"datePublished\":\"2025-01-13T06:05:22+00:00\",\"dateModified\":\"2025-01-13T06:05:25+00:00\",\"breadcrumb\":{\"@id\":\"https:\\\/\\\/laparolecircule-prenez-la.fr\\\/?page_id=27#breadcrumb\"},\"inLanguage\":\"fr-FR\",\"potentialAction\":[{\"@type\":\"ReadAction\",\"target\":[\"https:\\\/\\\/laparolecircule-prenez-la.fr\\\/?page_id=27\"]}]},{\"@type\":\"BreadcrumbList\",\"@id\":\"https:\\\/\\\/laparolecircule-prenez-la.fr\\\/?page_id=27#breadcrumb\",\"itemListElement\":[{\"@type\":\"ListItem\",\"position\":1,\"name\":\"Home\",\"item\":\"https:\\\/\\\/laparolecircule-prenez-la.fr\\\/\"},{\"@type\":\"ListItem\",\"position\":2,\"name\":\"DES THEMES\"}]},{\"@type\":\"WebSite\",\"@id\":\"https:\\\/\\\/laparolecircule-prenez-la.fr\\\/#website\",\"url\":\"https:\\\/\\\/laparolecircule-prenez-la.fr\\\/\",\"name\":\"LA PAROLE CIRCULE\",\"description\":\"PRENEZ-LA!\",\"potentialAction\":[{\"@type\":\"SearchAction\",\"target\":{\"@type\":\"EntryPoint\",\"urlTemplate\":\"https:\\\/\\\/laparolecircule-prenez-la.fr\\\/?s={search_term_string}\"},\"query-input\":{\"@type\":\"PropertyValueSpecification\",\"valueRequired\":true,\"valueName\":\"search_term_string\"}}],\"inLanguage\":\"fr-FR\"}]}<\/script>\n<!-- \/ Yoast SEO plugin. -->","yoast_head_json":{"title":"DES THEMES - LA PAROLE CIRCULE","robots":{"index":"index","follow":"follow","max-snippet":"max-snippet:-1","max-image-preview":"max-image-preview:large","max-video-preview":"max-video-preview:-1"},"canonical":"https:\/\/laparolecircule-prenez-la.fr\/?page_id=27","og_locale":"fr_FR","og_type":"article","og_title":"DES THEMES - LA PAROLE CIRCULE","og_description":"Voici une liste de th\u00e8mes et de sujets de d\u00e9bats \u00e9tablie en interrogeant des personnes de notre entourage. Elle n&rsquo;\u00e0 qu&rsquo;une valeur indicative.","og_url":"https:\/\/laparolecircule-prenez-la.fr\/?page_id=27","og_site_name":"LA PAROLE CIRCULE","article_modified_time":"2025-01-13T06:05:25+00:00","twitter_card":"summary_large_image","twitter_misc":{"Dur\u00e9e de lecture estim\u00e9e":"1 minute"},"schema":{"@context":"https:\/\/schema.org","@graph":[{"@type":"WebPage","@id":"https:\/\/laparolecircule-prenez-la.fr\/?page_id=27","url":"https:\/\/laparolecircule-prenez-la.fr\/?page_id=27","name":"DES THEMES - LA PAROLE CIRCULE","isPartOf":{"@id":"https:\/\/laparolecircule-prenez-la.fr\/#website"},"datePublished":"2025-01-13T06:05:22+00:00","dateModified":"2025-01-13T06:05:25+00:00","breadcrumb":{"@id":"https:\/\/laparolecircule-prenez-la.fr\/?page_id=27#breadcrumb"},"inLanguage":"fr-FR","potentialAction":[{"@type":"ReadAction","target":["https:\/\/laparolecircule-prenez-la.fr\/?page_id=27"]}]},{"@type":"BreadcrumbList","@id":"https:\/\/laparolecircule-prenez-la.fr\/?page_id=27#breadcrumb","itemListElement":[{"@type":"ListItem","position":1,"name":"Home","item":"https:\/\/laparolecircule-prenez-la.fr\/"},{"@type":"ListItem","position":2,"name":"DES THEMES"}]},{"@type":"WebSite","@id":"https:\/\/laparolecircule-prenez-la.fr\/#website","url":"https:\/\/laparolecircule-prenez-la.fr\/","name":"LA PAROLE CIRCULE","description":"PRENEZ-LA!","potentialAction":[{"@type":"SearchAction","target":{"@type":"EntryPoint","urlTemplate":"https:\/\/laparolecircule-prenez-la.fr\/?s={search_term_string}"},"query-input":{"@type":"PropertyValueSpecification","valueRequired":true,"valueName":"search_term_string"}}],"inLanguage":"fr-FR"}]}},"_links":{"self":[{"href":"https:\/\/laparolecircule-prenez-la.fr\/index.php?rest_route=\/wp\/v2\/pages\/27","targetHints":{"allow":["GET"]}}],"collection":[{"href":"https:\/\/laparolecircule-prenez-la.fr\/index.php?rest_route=\/wp\/v2\/pages"}],"about":[{"href":"https:\/\/laparolecircule-prenez-la.fr\/index.php?rest_route=\/wp\/v2\/types\/page"}],"author":[{"embeddable":true,"href":"https:\/\/laparolecircule-prenez-la.fr\/index.php?rest_route=\/wp\/v2\/users\/1"}],"replies":[{"embeddable":true,"href":"https:\/\/laparolecircule-prenez-la.fr\/index.php?rest_route=%2Fwp%2Fv2%2Fcomments&post=27"}],"version-history":[{"count":1,"href":"https:\/\/laparolecircule-prenez-la.fr\/index.php?rest_route=\/wp\/v2\/pages\/27\/revisions"}],"predecessor-version":[{"id":29,"href":"https:\/\/laparolecircule-prenez-la.fr\/index.php?rest_route=\/wp\/v2\/pages\/27\/revisions\/29"}],"wp:attachment":[{"href":"https:\/\/laparolecircule-prenez-la.fr\/index.php?rest_route=%2Fwp%2Fv2%2Fmedia&parent=27"}],"curies":[{"name":"wp","href":"https:\/\/api.w.org\/{rel}","templated":true}]}}